{"id":15,"date":"2023-12-27T21:04:47","date_gmt":"2023-12-27T20:04:47","guid":{"rendered":"http:\/\/restaurantchezregis.fr\/?page_id=15"},"modified":"2025-04-08T16:23:47","modified_gmt":"2025-04-08T14:23:47","slug":"a-emporter","status":"publish","type":"page","link":"https:\/\/restaurantchezregis.fr\/index.php\/a-emporter\/","title":{"rendered":"A Emporter"},"content":{"rendered":"\n<p style=\"font-size:15px\">Tous les soirs d\u00e8s 19h et les samedis et dimanches de 12h \u00e0 14h, nous vous proposons :<\/p>\n\n\n\n<h2 class=\"wp-block-heading\">Nos pizzas : <\/h2>\n\n\n\n<p style=\"font-size:16px\">Marguerite (mozzarella, basilic, olives noires) &#8211; 14 \u20ac&nbsp;&nbsp;<\/p>\n\n\n\n<p style=\"font-size:16px\">Primavera (jambon cru italien, lamelles de parmesan, tomates cerises, roquette) &#8211; 16,50 \u20ac&nbsp; &nbsp; &nbsp;<\/p>\n\n\n\n<p style=\"font-size:16px\">Reine (jambon, champignons, mozzarella, olives noires) &#8211; 15 \u20ac<\/p>\n\n\n\n<p style=\"font-size:16px\">Caprice&nbsp;(artichauts, jambon, champignons, mozzarella, c\u00e2pres, olives noires) &#8211; 16 \u20ac<\/p>\n\n\n\n<p>Quatre fromages (\u00e0 base de cr\u00e8me, mozzarella, ch\u00e8vre, roquefort, parmesan) &#8211; 16 \u20ac<\/p>\n\n\n\n<p>V\u00e9g\u00e9tarienne (aubergines, tomates cerises,poivrons, pesto, olives) &#8211; 17 \u20ac<\/p>\n\n\n\n<p><\/p>\n\n\n\n<p><\/p>\n\n\n\n<blockquote class=\"wp-block-quote is-layout-flow wp-block-quote-is-layout-flow\">\n<p>Possibilit\u00e9 de suppl\u00e9ment (1\u20ac par produit) : chorizo, \u0153uf, anchois, c\u00e2pres&#8230;<\/p>\n<\/blockquote>\n\n\n\n<p><\/p>\n\n\n\n<p style=\"font-size:16px\"><\/p>\n\n\n\n<h2 class=\"wp-block-heading\">les samedis et dimanches de 12 \u00e0 14h, nous vous proposons \u00e9galement pour emporter :<\/h2>\n\n\n\n<ul class=\"wp-block-list\">\n<li>Nos salades de l&#8217;\u00e9t\u00e9 :<\/li>\n<\/ul>\n\n\n\n<p style=\"font-size:16px\">La ni\u00e7oise (tomates, pommes de terre, oeuf, thon, anchois, haricots verts, poivrons, oignons, olives noires) &#8211; 19 \u20ac<\/p>\n\n\n\n<p style=\"font-size:16px\">La ch\u00e8vre chaud (salade, tomates, oignons rouges, noix, lardons, olives noires,\u00a0toasts de ch\u00e8vre chaud) &#8211; 19 \u20ac<\/p>\n\n\n\n<p style=\"font-size:16px\"><\/p>\n\n\n\n<ul class=\"wp-block-list\">\n<li>Les pizzas \u00e0 la part 5 \u20ac (voir la liste des choix de pizzas)<\/li>\n<\/ul>\n\n\n\n<ul class=\"wp-block-list\">\n<li>Le Tartare de b\u0153uf 21 \u20ac<\/li>\n<\/ul>\n\n\n\n<ul class=\"wp-block-list\">\n<li>les barquettes de frites 6 \u20ac<\/li>\n<\/ul>\n\n\n\n<p><\/p>\n\n\n\n<p><\/p>\n\n\n\n<div class=\"wp-block-media-text is-stacked-on-mobile\"><figure class=\"wp-block-media-text__media\"><img loading=\"lazy\" decoding=\"async\" width=\"768\" height=\"1024\" src=\"http:\/\/restaurantchezregis.fr\/wp-content\/uploads\/2023\/12\/IMG_20230805_084316-768x1024.jpg\" alt=\"\" class=\"wp-image-88 size-full\" srcset=\"https:\/\/restaurantchezregis.fr\/wp-content\/uploads\/2023\/12\/IMG_20230805_084316-768x1024.jpg 768w, https:\/\/restaurantchezregis.fr\/wp-content\/uploads\/2023\/12\/IMG_20230805_084316-225x300.jpg 225w, https:\/\/restaurantchezregis.fr\/wp-content\/uploads\/2023\/12\/IMG_20230805_084316-1152x1536.jpg 1152w, https:\/\/restaurantchezregis.fr\/wp-content\/uploads\/2023\/12\/IMG_20230805_084316-1536x2048.jpg 1536w, https:\/\/restaurantchezregis.fr\/wp-content\/uploads\/2023\/12\/IMG_20230805_084316-scaled.jpg 1920w\" sizes=\"auto, (max-width: 768px) 100vw, 768px\" \/><\/figure><div class=\"wp-block-media-text__content\">\n<p>Pr\u00e9paration de la p\u00e2te \u00e0 pizza<\/p>\n<\/div><\/div>\n","protected":false},"excerpt":{"rendered":"<p>Tous les soirs d\u00e8s 19h et les samedis et dimanches [&hellip;]<\/p>\n","protected":false},"author":1,"featured_media":0,"parent":0,"menu_order":0,"comment_status":"closed","ping_status":"closed","template":"","meta":{"footnotes":""},"class_list":["post-15","page","type-page","status-publish","hentry"],"_links":{"self":[{"href":"https:\/\/restaurantchezregis.fr\/index.php\/wp-json\/wp\/v2\/pages\/15","targetHints":{"allow":["GET"]}}],"collection":[{"href":"https:\/\/restaurantchezregis.fr\/index.php\/wp-json\/wp\/v2\/pages"}],"about":[{"href":"https:\/\/restaurantchezregis.fr\/index.php\/wp-json\/wp\/v2\/types\/page"}],"author":[{"embeddable":true,"href":"https:\/\/restaurantchezregis.fr\/index.php\/wp-json\/wp\/v2\/users\/1"}],"replies":[{"embeddable":true,"href":"https:\/\/restaurantchezregis.fr\/index.php\/wp-json\/wp\/v2\/comments?post=15"}],"version-history":[{"count":17,"href":"https:\/\/restaurantchezregis.fr\/index.php\/wp-json\/wp\/v2\/pages\/15\/revisions"}],"predecessor-version":[{"id":244,"href":"https:\/\/restaurantchezregis.fr\/index.php\/wp-json\/wp\/v2\/pages\/15\/revisions\/244"}],"wp:attachment":[{"href":"https:\/\/restaurantchezregis.fr\/index.php\/wp-json\/wp\/v2\/media?parent=15"}],"curies":[{"name":"wp","href":"https:\/\/api.w.org\/{rel}","templated":true}]}}