{"id":17,"date":"2023-12-27T21:05:09","date_gmt":"2023-12-27T20:05:09","guid":{"rendered":"http:\/\/restaurantchezregis.fr\/?page_id=17"},"modified":"2024-04-20T17:52:46","modified_gmt":"2024-04-20T15:52:46","slug":"un-peu-dhistoire","status":"publish","type":"page","link":"https:\/\/restaurantchezregis.fr\/index.php\/un-peu-dhistoire\/","title":{"rendered":"Un peu d&#8217;histoire"},"content":{"rendered":"\n<p>Saint-Clair est un quartier du Lavandou. Il comprend environ 700 habitants sur les 6300 de la commune. Et beaucoup plus en \u00e9t\u00e9.<\/p>\n\n\n\n<figure class=\"wp-block-image size-full\"><img loading=\"lazy\" decoding=\"async\" width=\"429\" height=\"280\" src=\"https:\/\/restaurantchezregis.fr\/wp-content\/uploads\/2024\/04\/p49.jpg\" alt=\"\" class=\"wp-image-116\" srcset=\"https:\/\/restaurantchezregis.fr\/wp-content\/uploads\/2024\/04\/p49.jpg 429w, https:\/\/restaurantchezregis.fr\/wp-content\/uploads\/2024\/04\/p49-300x196.jpg 300w\" sizes=\"auto, (max-width: 429px) 100vw, 429px\" \/><figcaption class=\"wp-element-caption\">Le trains des Pignes fin XIX\u00e8me, d\u00e9but XX\u00e8me si\u00e8cle <\/figcaption><\/figure>\n\n\n\n<figure class=\"wp-block-image size-full\"><img loading=\"lazy\" decoding=\"async\" width=\"1024\" height=\"667\" src=\"https:\/\/restaurantchezregis.fr\/wp-content\/uploads\/2024\/04\/031-le-lavandou-vers-1908-vue-de-st-clair-le-train-des-1024x667-1.webp\" alt=\"\" class=\"wp-image-189\" srcset=\"https:\/\/restaurantchezregis.fr\/wp-content\/uploads\/2024\/04\/031-le-lavandou-vers-1908-vue-de-st-clair-le-train-des-1024x667-1.webp 1024w, https:\/\/restaurantchezregis.fr\/wp-content\/uploads\/2024\/04\/031-le-lavandou-vers-1908-vue-de-st-clair-le-train-des-1024x667-1-300x195.webp 300w, https:\/\/restaurantchezregis.fr\/wp-content\/uploads\/2024\/04\/031-le-lavandou-vers-1908-vue-de-st-clair-le-train-des-1024x667-1-768x500.webp 768w\" sizes=\"auto, (max-width: 1024px) 100vw, 1024px\" \/><figcaption class=\"wp-element-caption\">Vue de Saint-Clair<\/figcaption><\/figure>\n\n\n\n<figure class=\"wp-block-image size-full\"><img loading=\"lazy\" decoding=\"async\" width=\"1024\" height=\"633\" src=\"https:\/\/restaurantchezregis.fr\/wp-content\/uploads\/2024\/04\/1535699479-ZZLe-Lavandou-83.jpg\" alt=\"\" class=\"wp-image-190\" srcset=\"https:\/\/restaurantchezregis.fr\/wp-content\/uploads\/2024\/04\/1535699479-ZZLe-Lavandou-83.jpg 1024w, https:\/\/restaurantchezregis.fr\/wp-content\/uploads\/2024\/04\/1535699479-ZZLe-Lavandou-83-300x185.jpg 300w, https:\/\/restaurantchezregis.fr\/wp-content\/uploads\/2024\/04\/1535699479-ZZLe-Lavandou-83-768x475.jpg 768w\" sizes=\"auto, (max-width: 1024px) 100vw, 1024px\" \/><figcaption class=\"wp-element-caption\">La route qui m\u00e8ne \u00e0 Saint-Clair. &#8220;La Baleine&#8221; en arri\u00e8re plan.<\/figcaption><\/figure>\n","protected":false},"excerpt":{"rendered":"<p>Saint-Clair est un quartier du Lavandou. Il comprend environ 700 [&hellip;]<\/p>\n","protected":false},"author":1,"featured_media":0,"parent":0,"menu_order":0,"comment_status":"closed","ping_status":"closed","template":"","meta":{"footnotes":""},"class_list":["post-17","page","type-page","status-publish","hentry"],"_links":{"self":[{"href":"https:\/\/restaurantchezregis.fr\/index.php\/wp-json\/wp\/v2\/pages\/17","targetHints":{"allow":["GET"]}}],"collection":[{"href":"https:\/\/restaurantchezregis.fr\/index.php\/wp-json\/wp\/v2\/pages"}],"about":[{"href":"https:\/\/restaurantchezregis.fr\/index.php\/wp-json\/wp\/v2\/types\/page"}],"author":[{"embeddable":true,"href":"https:\/\/restaurantchezregis.fr\/index.php\/wp-json\/wp\/v2\/users\/1"}],"replies":[{"embeddable":true,"href":"https:\/\/restaurantchezregis.fr\/index.php\/wp-json\/wp\/v2\/comments?post=17"}],"version-history":[{"count":4,"href":"https:\/\/restaurantchezregis.fr\/index.php\/wp-json\/wp\/v2\/pages\/17\/revisions"}],"predecessor-version":[{"id":197,"href":"https:\/\/restaurantchezregis.fr\/index.php\/wp-json\/wp\/v2\/pages\/17\/revisions\/197"}],"wp:attachment":[{"href":"https:\/\/restaurantchezregis.fr\/index.php\/wp-json\/wp\/v2\/media?parent=17"}],"curies":[{"name":"wp","href":"https:\/\/api.w.org\/{rel}","templated":true}]}}