{"id":23,"date":"2023-12-27T21:09:12","date_gmt":"2023-12-27T20:09:12","guid":{"rendered":"http:\/\/restaurantchezregis.fr\/?page_id=23"},"modified":"2026-04-05T08:53:17","modified_gmt":"2026-04-05T06:53:17","slug":"accueil","status":"publish","type":"page","link":"https:\/\/restaurantchezregis.fr\/","title":{"rendered":"Accueil"},"content":{"rendered":"\n<h2 class=\"wp-block-heading\">Bienvenue sur le site de notre restaurant<\/h2>\n\n\n\n<p>Ouvert depuis 1972, le restaurant propose une cuisine m\u00e9diterran\u00e9enne et traditionnelle. <\/p>\n\n\n\n<figure class=\"wp-block-image size-large\"><img loading=\"lazy\" decoding=\"async\" width=\"1024\" height=\"685\" src=\"https:\/\/restaurantchezregis.fr\/wp-content\/uploads\/2024\/02\/DSC_1776-1-1024x685.jpg\" alt=\"\" class=\"wp-image-97\" srcset=\"https:\/\/restaurantchezregis.fr\/wp-content\/uploads\/2024\/02\/DSC_1776-1-1024x685.jpg 1024w, https:\/\/restaurantchezregis.fr\/wp-content\/uploads\/2024\/02\/DSC_1776-1-300x201.jpg 300w, https:\/\/restaurantchezregis.fr\/wp-content\/uploads\/2024\/02\/DSC_1776-1-768x514.jpg 768w, https:\/\/restaurantchezregis.fr\/wp-content\/uploads\/2024\/02\/DSC_1776-1-1536x1028.jpg 1536w, https:\/\/restaurantchezregis.fr\/wp-content\/uploads\/2024\/02\/DSC_1776-1-2048x1371.jpg 2048w\" sizes=\"auto, (max-width: 1024px) 100vw, 1024px\" \/><\/figure>\n\n\n\n<p>Chez R\u00e9gis vous accueille \u00e0 partir du 18 avril.<\/p>\n\n\n\n<p>Le restaurant est ouvert tous les soirs d\u00e8s 18h45, les samedis et dimanches de 12h \u00e014h &#8211; ferm\u00e9 le mercredi<\/p>\n\n\n\n<p><\/p>\n\n\n\n<p>Pour toute r\u00e9servation, vous pouvez nous joindre au 07 87 36 60 68 ou vous pouvez r\u00e9server en suivant ce lien : <a href=\"https:\/\/octotable.com\/book\/restaurant\/435333\/welcome\">https:\/\/octotable.com\/book\/restaurant\/435333\/welcome<\/a><\/p>\n","protected":false},"excerpt":{"rendered":"<p>Bienvenue sur le site de notre restaurant Ouvert depuis 1972, [&hellip;]<\/p>\n","protected":false},"author":1,"featured_media":0,"parent":0,"menu_order":0,"comment_status":"closed","ping_status":"closed","template":"","meta":{"footnotes":""},"class_list":["post-23","page","type-page","status-publish","hentry"],"_links":{"self":[{"href":"https:\/\/restaurantchezregis.fr\/index.php\/wp-json\/wp\/v2\/pages\/23","targetHints":{"allow":["GET"]}}],"collection":[{"href":"https:\/\/restaurantchezregis.fr\/index.php\/wp-json\/wp\/v2\/pages"}],"about":[{"href":"https:\/\/restaurantchezregis.fr\/index.php\/wp-json\/wp\/v2\/types\/page"}],"author":[{"embeddable":true,"href":"https:\/\/restaurantchezregis.fr\/index.php\/wp-json\/wp\/v2\/users\/1"}],"replies":[{"embeddable":true,"href":"https:\/\/restaurantchezregis.fr\/index.php\/wp-json\/wp\/v2\/comments?post=23"}],"version-history":[{"count":10,"href":"https:\/\/restaurantchezregis.fr\/index.php\/wp-json\/wp\/v2\/pages\/23\/revisions"}],"predecessor-version":[{"id":277,"href":"https:\/\/restaurantchezregis.fr\/index.php\/wp-json\/wp\/v2\/pages\/23\/revisions\/277"}],"wp:attachment":[{"href":"https:\/\/restaurantchezregis.fr\/index.php\/wp-json\/wp\/v2\/media?parent=23"}],"curies":[{"name":"wp","href":"https:\/\/api.w.org\/{rel}","templated":true}]}}